{"id":1092,"date":"2026-02-13T17:24:19","date_gmt":"2026-02-13T17:24:19","guid":{"rendered":"https:\/\/vivido.crearte.studio\/kontakt\/"},"modified":"2026-04-08T16:31:59","modified_gmt":"2026-04-08T16:31:59","slug":"kontakt","status":"publish","type":"page","link":"https:\/\/vivido-solutions.com\/de\/kontakt\/","title":{"rendered":"Kontakt"},"content":{"rendered":"<p>[et_pb_section fb_built=&#8221;1&#8243; admin_label=&#8221;Header &#038; Contact Form&#8221; _builder_version=&#8221;4.23.2&#8243; _module_preset=&#8221;default&#8221; background_color=&#8221;gcid-fc7afca1-7302-4e55-829d-3d445387c282&#8243; custom_padding=&#8221;|23px||||&#8221; collapsed=&#8221;on&#8221; global_colors_info=&#8221;{%22gcid-fc7afca1-7302-4e55-829d-3d445387c282%22:%91%22background_color%22%93}&#8221;][et_pb_row _builder_version=&#8221;4.23.2&#8243; _module_preset=&#8221;default&#8221; max_width=&#8221;800px&#8221; global_colors_info=&#8221;{}&#8221;][et_pb_column type=&#8221;4_4&#8243; _builder_version=&#8221;4.23.2&#8243; _module_preset=&#8221;default&#8221; global_colors_info=&#8221;{}&#8221;][et_pb_text _builder_version=&#8221;4.27.6&#8243; _module_preset=&#8221;b36840e0-3e69-4a7e-b2b0-afa887176b6f&#8221; header_font=&#8221;||||||||&#8221; header_text_color=&#8221;gcid-primary-color&#8221; text_orientation=&#8221;center&#8221; custom_margin=&#8221;||10px||false|false&#8221; hover_enabled=&#8221;0&#8243; global_colors_info=&#8221;{%22gcid-primary-color%22:%91%22header_text_color%22%93}&#8221; sticky_enabled=&#8221;0&#8243;]<\/p>\n<h1>Lassen Sie uns<\/h1>\n<h1>in Kontakt treten<\/h1>\n<p>[\/et_pb_text][et_pb_text _builder_version=&#8221;4.27.6&#8243; _module_preset=&#8221;85719063-3ad7-446b-a82c-a21dfb1e178f&#8221; text_text_color=&#8221;#B4926B&#8221; text_font_size=&#8221;18px&#8221; text_orientation=&#8221;center&#8221;]<\/p>\n<p>Ich w\u00fcrde mich freuen von Ihnen zu h\u00f6ren!<\/p>\n<p>[\/et_pb_text][\/et_pb_column][\/et_pb_row][et_pb_row column_structure=&#8221;1_2,1_2&#8243; _builder_version=&#8221;4.27.6&#8243; _module_preset=&#8221;default&#8221; global_colors_info=&#8221;{}&#8221;][et_pb_column type=&#8221;1_2&#8243; _builder_version=&#8221;4.27.5&#8243; _module_preset=&#8221;default&#8221; global_colors_info=&#8221;{}&#8221;][et_pb_text _builder_version=&#8221;4.27.6&#8243; _module_preset=&#8221;default&#8221; text_font=&#8221;&#8211;et_global_body_font||||||||&#8221; text_font_size=&#8221;16px&#8221; hover_enabled=&#8221;0&#8243; global_colors_info=&#8221;{}&#8221; sticky_enabled=&#8221;0&#8243;]<\/p>\n<p style=\"text-align: justify;\">Ganz gleich, ob Sie ein privates Heim-Fitnessstudio, einen privaten Wellnessbereich oder einen kompletten Fitnessstudio planen \u2013 wir begleiten Sie vom ersten Konzept bis zur Fertigstellung. Wir arbeiten sowohl mit Privatkunden, als auch mit Architekten, Innenarchitekten und Bautr\u00e4gern auf ganz Mallorca zusammen, um ma\u00dfgeschneiderte Fitness- und Wellnessbereiche zu schaffen, welche genau auf jedes einzelne Projekt zugeschnitten sind.<\/p>\n<p style=\"text-align: justify;\">Kontaktieren Sie uns f\u00fcr Projektkooperationen oder um Ihren Traum von einem stilvollen privaten Fitness-Refugium zu verwirklichen. Lassen Sie uns gemeinsam ein Heim-Fitnessstudio gestalten, welches Ihren Lebensstil perfekt widerspiegelt.<i><\/i><\/p>\n<p>[\/et_pb_text][et_pb_contact_form email=&#8221;info@vivido-solutions.com&#8221; custom_message=&#8221;Message from contact form website:||et_pb_line_break_holder||||et_pb_line_break_holder||First name: %%First_Name%%||et_pb_line_break_holder||Last name: %%Last_Name%%||et_pb_line_break_holder||Phone number: %%Phone_number%%||et_pb_line_break_holder||Email address: %%Email%%||et_pb_line_break_holder||Message: %%Message%%||et_pb_line_break_holder||&#8221; success_message=&#8221;Thank you for your message, I will contact you asap!&#8221; _builder_version=&#8221;4.27.6&#8243; _module_preset=&#8221;default&#8221; _unique_id=&#8221;e385edb8-e394-4e50-8344-8d4020399306&#8243; form_field_font=&#8221;&#8211;et_global_body_font||||||||&#8221; form_field_font_size=&#8221;16px&#8221; global_colors_info=&#8221;{}&#8221;][et_pb_contact_field field_id=&#8221;First_Name&#8221; field_title=&#8221;Vorname&#8221; _builder_version=&#8221;4.27.6&#8243; form_field_background_color=&#8221;#FFFFFF&#8221; form_field_text_color=&#8221;#B4926B&#8221; global_colors_info=&#8221;{}&#8221; button_text_size__hover_enabled=&#8221;off&#8221; button_one_text_size__hover_enabled=&#8221;off&#8221; button_two_text_size__hover_enabled=&#8221;off&#8221; button_text_color__hover_enabled=&#8221;off&#8221; button_one_text_color__hover_enabled=&#8221;off&#8221; button_two_text_color__hover_enabled=&#8221;off&#8221; button_border_width__hover_enabled=&#8221;off&#8221; button_one_border_width__hover_enabled=&#8221;off&#8221; button_two_border_width__hover_enabled=&#8221;off&#8221; button_border_color__hover_enabled=&#8221;off&#8221; button_one_border_color__hover_enabled=&#8221;off&#8221; button_two_border_color__hover_enabled=&#8221;off&#8221; button_border_radius__hover_enabled=&#8221;off&#8221; button_one_border_radius__hover_enabled=&#8221;off&#8221; button_two_border_radius__hover_enabled=&#8221;off&#8221; button_letter_spacing__hover_enabled=&#8221;off&#8221; button_one_letter_spacing__hover_enabled=&#8221;off&#8221; button_two_letter_spacing__hover_enabled=&#8221;off&#8221; button_bg_color__hover_enabled=&#8221;off&#8221; button_one_bg_color__hover_enabled=&#8221;off&#8221; button_two_bg_color__hover_enabled=&#8221;off&#8221;][\/et_pb_contact_field][et_pb_contact_field field_id=&#8221;Last_Name&#8221; field_title=&#8221;Nachname&#8221; _builder_version=&#8221;4.27.5&#8243; form_field_background_color=&#8221;#FFFFFF&#8221; form_field_text_color=&#8221;#B4926B&#8221; global_colors_info=&#8221;{}&#8221; button_text_size__hover_enabled=&#8221;off&#8221; button_one_text_size__hover_enabled=&#8221;off&#8221; button_two_text_size__hover_enabled=&#8221;off&#8221; button_text_color__hover_enabled=&#8221;off&#8221; button_one_text_color__hover_enabled=&#8221;off&#8221; button_two_text_color__hover_enabled=&#8221;off&#8221; button_border_width__hover_enabled=&#8221;off&#8221; button_one_border_width__hover_enabled=&#8221;off&#8221; button_two_border_width__hover_enabled=&#8221;off&#8221; button_border_color__hover_enabled=&#8221;off&#8221; button_one_border_color__hover_enabled=&#8221;off&#8221; button_two_border_color__hover_enabled=&#8221;off&#8221; button_border_radius__hover_enabled=&#8221;off&#8221; button_one_border_radius__hover_enabled=&#8221;off&#8221; button_two_border_radius__hover_enabled=&#8221;off&#8221; button_letter_spacing__hover_enabled=&#8221;off&#8221; button_one_letter_spacing__hover_enabled=&#8221;off&#8221; button_two_letter_spacing__hover_enabled=&#8221;off&#8221; button_bg_color__hover_enabled=&#8221;off&#8221; button_one_bg_color__hover_enabled=&#8221;off&#8221; button_two_bg_color__hover_enabled=&#8221;off&#8221;][\/et_pb_contact_field][et_pb_contact_field field_id=&#8221;Phone_number&#8221; field_title=&#8221;Telefonnummer&#8221; field_type=&#8221;email&#8221; _builder_version=&#8221;4.27.5&#8243; form_field_background_color=&#8221;#FFFFFF&#8221; form_field_text_color=&#8221;#B4926B&#8221; global_colors_info=&#8221;{}&#8221; button_text_size__hover_enabled=&#8221;off&#8221; button_one_text_size__hover_enabled=&#8221;off&#8221; button_two_text_size__hover_enabled=&#8221;off&#8221; button_text_color__hover_enabled=&#8221;off&#8221; button_one_text_color__hover_enabled=&#8221;off&#8221; button_two_text_color__hover_enabled=&#8221;off&#8221; button_border_width__hover_enabled=&#8221;off&#8221; button_one_border_width__hover_enabled=&#8221;off&#8221; button_two_border_width__hover_enabled=&#8221;off&#8221; button_border_color__hover_enabled=&#8221;off&#8221; button_one_border_color__hover_enabled=&#8221;off&#8221; button_two_border_color__hover_enabled=&#8221;off&#8221; button_border_radius__hover_enabled=&#8221;off&#8221; button_one_border_radius__hover_enabled=&#8221;off&#8221; button_two_border_radius__hover_enabled=&#8221;off&#8221; button_letter_spacing__hover_enabled=&#8221;off&#8221; button_one_letter_spacing__hover_enabled=&#8221;off&#8221; button_two_letter_spacing__hover_enabled=&#8221;off&#8221; button_bg_color__hover_enabled=&#8221;off&#8221; button_one_bg_color__hover_enabled=&#8221;off&#8221; button_two_bg_color__hover_enabled=&#8221;off&#8221;][\/et_pb_contact_field][et_pb_contact_field field_id=&#8221;Email&#8221; field_title=&#8221;Email Adresse&#8221; field_type=&#8221;email&#8221; _builder_version=&#8221;4.27.5&#8243; form_field_background_color=&#8221;#FFFFFF&#8221; form_field_text_color=&#8221;#B4926B&#8221; global_colors_info=&#8221;{}&#8221; button_text_size__hover_enabled=&#8221;off&#8221; button_one_text_size__hover_enabled=&#8221;off&#8221; button_two_text_size__hover_enabled=&#8221;off&#8221; button_text_color__hover_enabled=&#8221;off&#8221; button_one_text_color__hover_enabled=&#8221;off&#8221; button_two_text_color__hover_enabled=&#8221;off&#8221; button_border_width__hover_enabled=&#8221;off&#8221; button_one_border_width__hover_enabled=&#8221;off&#8221; button_two_border_width__hover_enabled=&#8221;off&#8221; button_border_color__hover_enabled=&#8221;off&#8221; button_one_border_color__hover_enabled=&#8221;off&#8221; button_two_border_color__hover_enabled=&#8221;off&#8221; button_border_radius__hover_enabled=&#8221;off&#8221; button_one_border_radius__hover_enabled=&#8221;off&#8221; button_two_border_radius__hover_enabled=&#8221;off&#8221; button_letter_spacing__hover_enabled=&#8221;off&#8221; button_one_letter_spacing__hover_enabled=&#8221;off&#8221; button_two_letter_spacing__hover_enabled=&#8221;off&#8221; button_bg_color__hover_enabled=&#8221;off&#8221; button_one_bg_color__hover_enabled=&#8221;off&#8221; button_two_bg_color__hover_enabled=&#8221;off&#8221;][\/et_pb_contact_field][et_pb_contact_field field_id=&#8221;Message&#8221; field_title=&#8221;Ihre Nachricht&#8221; field_type=&#8221;text&#8221; fullwidth_field=&#8221;on&#8221; _builder_version=&#8221;4.27.6&#8243; form_field_background_color=&#8221;#FFFFFF&#8221; form_field_text_color=&#8221;#B4926B&#8221; global_colors_info=&#8221;{}&#8221; button_text_size__hover_enabled=&#8221;off&#8221; button_one_text_size__hover_enabled=&#8221;off&#8221; button_two_text_size__hover_enabled=&#8221;off&#8221; button_text_color__hover_enabled=&#8221;off&#8221; button_one_text_color__hover_enabled=&#8221;off&#8221; button_two_text_color__hover_enabled=&#8221;off&#8221; button_border_width__hover_enabled=&#8221;off&#8221; button_one_border_width__hover_enabled=&#8221;off&#8221; button_two_border_width__hover_enabled=&#8221;off&#8221; button_border_color__hover_enabled=&#8221;off&#8221; button_one_border_color__hover_enabled=&#8221;off&#8221; button_two_border_color__hover_enabled=&#8221;off&#8221; button_border_radius__hover_enabled=&#8221;off&#8221; button_one_border_radius__hover_enabled=&#8221;off&#8221; button_two_border_radius__hover_enabled=&#8221;off&#8221; button_letter_spacing__hover_enabled=&#8221;off&#8221; button_one_letter_spacing__hover_enabled=&#8221;off&#8221; button_two_letter_spacing__hover_enabled=&#8221;off&#8221; button_bg_color__hover_enabled=&#8221;off&#8221; button_one_bg_color__hover_enabled=&#8221;off&#8221; button_two_bg_color__hover_enabled=&#8221;off&#8221;][\/et_pb_contact_field][\/et_pb_contact_form][\/et_pb_column][et_pb_column type=&#8221;1_2&#8243; _builder_version=&#8221;4.27.5&#8243; _module_preset=&#8221;default&#8221; global_colors_info=&#8221;{}&#8221;][et_pb_image src=&#8221;https:\/\/vivido-solutions.com\/wp-content\/uploads\/2026\/02\/Contact_us.png&#8221; title_text=&#8221;Contact_us&#8221; align=&#8221;center&#8221; _builder_version=&#8221;4.27.5&#8243; _module_preset=&#8221;default&#8221; height=&#8221;587px&#8221; max_height=&#8221;614px&#8221; border_radii=&#8221;on|15px|15px|15px|15px&#8221; global_colors_info=&#8221;{}&#8221;][\/et_pb_image][\/et_pb_column][\/et_pb_row][et_pb_row module_id=&#8221;faq&#8221; _builder_version=&#8221;4.27.6&#8243; locked=&#8221;off&#8221; global_colors_info=&#8221;{}&#8221;][et_pb_column type=&#8221;4_4&#8243; _builder_version=&#8221;4.16&#8243; custom_padding=&#8221;|||&#8221; global_colors_info=&#8221;{}&#8221; custom_padding__hover=&#8221;|||&#8221;][et_pb_text _builder_version=&#8221;4.27.6&#8243; _module_preset=&#8221;b36840e0-3e69-4a7e-b2b0-afa887176b6f&#8221; header_font=&#8221;||||||||&#8221; header_text_color=&#8221;gcid-primary-color&#8221; header_font_size=&#8221;35px&#8221; text_orientation=&#8221;center&#8221; custom_margin=&#8221;||10px||false|false&#8221; global_colors_info=&#8221;{%22gcid-primary-color%22:%91%22header_text_color%22%93}&#8221;]<\/p>\n<h1 style=\"text-align: left;\">H\u00e4ufig gestellte Fragen<\/h1>\n<p>[\/et_pb_text][et_pb_accordion closed_toggle_background_color=&#8221;#ffffff&#8221; icon_color=&#8221;#2f8cff&#8221; _builder_version=&#8221;4.27.6&#8243; toggle_font=&#8221;&#8211;et_global_heading_font|600|||||||&#8221; toggle_font_size=&#8221;22px&#8221; toggle_line_height=&#8221;1.6em&#8221; body_font=&#8221;&#8211;et_global_body_font||||||||&#8221; body_font_size=&#8221;16px&#8221; animation_style=&#8221;zoom&#8221; animation_direction=&#8221;top&#8221; animation_intensity_zoom=&#8221;10%&#8221; hover_enabled=&#8221;0&#8243; border_radii=&#8221;on|10px|10px|10px|10px&#8221; border_width_all=&#8221;0px&#8221; global_colors_info=&#8221;{}&#8221; sticky_enabled=&#8221;0&#8243;][et_pb_accordion_item title=&#8221;Wie w\u00e4hle ich die perfekte Ausstattung f\u00fcr mein Heim-Fitnessstudio aus?&#8221; open=&#8221;on&#8221; icon_color=&#8221;#B4926B&#8221; _builder_version=&#8221;4.27.6&#8243; hover_enabled=&#8221;0&#8243; global_colors_info=&#8221;{}&#8221; sticky_enabled=&#8221;0&#8243;]<\/p>\n<p style=\"text-align: justify;\">Die Wahl der richtigen Fitnessausstattung f\u00fcr Ihr Zuhause h\u00e4ngt von mehreren Faktoren ab, darunter Ihre pers\u00f6nlichen Fitnessziele, der verf\u00fcgbare Platz, Ihre Trainingsvorlieben, sowie die allgemeine Gestaltung Ihres Objekts. Ein gut geplantes Heim-Fitnessstudio sollte Funktionalit\u00e4t, \u00c4sthetik und langfristige Nutzbarkeit in Einklang bringen. Bei VIVIDO Solutions begleiten wir Sie durch den gesamten Prozess \u2013 vom Verst\u00e4ndnis Ihrer \u00fcblichen Trainingsgewohnheiten, \u00fcber die Auswahl der m\u00f6glichen Ger\u00e4teoptionen auf Basis Ihres Budgets und der \u00f6rtlichen Gegebenheiten Ihres verf\u00fcgbaren Raums, bis hin zur Auswahl hochwertiger spezieller Gummib\u00f6den f\u00fcr Fitnessstudios, ma\u00dfgefertigter Wandspiegel und der Gestaltung des perfekten Layouts. Durch die Kombination von technischem Fachwissen mit gestalterischen \u00dcberlegungen schaffen wir eine ma\u00dfgeschneiderte Heim-Fitnessstudio L\u00f6sung, die Ihren Platz optimal ausnutzt und sich nahtlos in Ihre Immobilie einf\u00fcgt.<\/p>\n<p>[\/et_pb_accordion_item][et_pb_accordion_item title=&#8221;Welche M\u00f6glichkeiten habe ich, wenn wir in unserem Haus\/unserer Wohnung keinen freien Raum f\u00fcr die Ger\u00e4te haben?&#8221; icon_color=&#8221;#B4926B&#8221; _builder_version=&#8221;4.27.6&#8243; hover_enabled=&#8221;0&#8243; global_colors_info=&#8221;{}&#8221; open=&#8221;off&#8221; sticky_enabled=&#8221;0&#8243;]<\/p>\n<p style=\"text-align: justify;\">Auch wenn Sie in Ihrem Haus oder Ihrer Wohnung keinen extra Raum f\u00fcr ein Home gym zur Verf\u00fcgung haben, gibt es viele clevere L\u00f6sungen. Moderne Heim-Fitnessger\u00e4te sind \u00e4u\u00dferst platzsparend und oft so konzipiert, dass sie sich nahtlos in die Wohnumgebung einf\u00fcgen. Manche Systeme lassen sich in ma\u00dfgefertigte Wandschr\u00e4nke integrieren und bei Nichtgebrauch verbergen, w\u00e4hrend andere zusammengeklappt oder platzsparend in der Wohnung verstaut werden k\u00f6nnen. Multifunktionale Trainingsstationen sind eine weitere hervorragende Option, mit der Sie alle wichtigen Muskelgruppen mit einem einzigen Ger\u00e4t trainieren k\u00f6nnen, welches an der Wand montiert oder auf dem Boden aufgestellt wird. Bei VIVIDO Solutions sind wir darauf spezialisiert, ma\u00dfgeschneiderte Heimfitness-Konzepte auf Mallorca zu entwickeln, welche den verf\u00fcgbaren Platz in Ihrer Immobilie optimal ausnutzen, ohne dabei Abstriche bei der \u00c4sthetik oder der Funktionalit\u00e4t zu machen.<\/p>\n<p>[\/et_pb_accordion_item][et_pb_accordion_item title=&#8221;Wie lang sind die Lieferzeiten?&#8221; icon_color=&#8221;#B4926B&#8221; _builder_version=&#8221;4.27.6&#8243; hover_enabled=&#8221;0&#8243; global_colors_info=&#8221;{}&#8221; open=&#8221;off&#8221; sticky_enabled=&#8221;0&#8243;]<\/p>\n<p class=\"p1\" style=\"text-align: justify;\">Die Lieferzeiten h\u00e4ngen vom Hersteller und dem Umfang der gew\u00fcnschten Sonderanfertigungen ab. In den meisten F\u00e4llen werden Heim-Fitnessger\u00e4te innerhalb von etwa 4 bis 12 Wochen geliefert. Wenn die Ger\u00e4te spezielle Oberfl\u00e4chen, Sonderfarben oder zus\u00e4tzliche individuelle Ausstattungsmerkmale aufweisen, k\u00f6nnen sich die Produktionszeiten auf \u00fcber vier Monate verl\u00e4ngern. Bei VIVIDO Solutions koordinieren wir f\u00fcr unsere Kunden den gesamten Prozess \u2013 von der Bestellung \u00fcber die Lieferung bis hin zur professionellen Montage \u2013 und sorgen so f\u00fcr einen reibungslosen und zuverl\u00e4ssigen Ablauf Ihres Home gyms auf Mallorca..<\/p>\n<p>[\/et_pb_accordion_item][et_pb_accordion_item title=&#8221;Kann ich die Farbe der Fitnessger\u00e4te selbst ausw\u00e4hlen?&#8221; icon_color=&#8221;#B4926B&#8221; _builder_version=&#8221;4.27.6&#8243; hover_enabled=&#8221;0&#8243; global_colors_info=&#8221;{}&#8221; open=&#8221;off&#8221; sticky_enabled=&#8221;0&#8243;]<\/p>\n<p class=\"p1\" style=\"text-align: justify;\">Viele Heim-Fitnessger\u00e4te sind traditionell in Schwarz erh\u00e4ltlich, doch einige unserer Partnermarken und Hersteller bieten eine gro\u00dfe Auswahl an Farboptionen f\u00fcr das Gestell der Ger\u00e4te an. Bei VIVIDO Solutions arbeiten wir mit f\u00fchrenden Herstellern von Fitnessger\u00e4ten zusammen, die es unseren Kunden erm\u00f6glichen, aus unterschiedlichsten Oberfl\u00e4chen und Farbpaletten zu w\u00e4hlen. So stellen wir sicher, dass die Ger\u00e4te perfekt auf den Einrichtungsstil Ihrer Immobilie auf Mallorca abgestimmt werden k\u00f6nnen.<\/p>\n<p>[\/et_pb_accordion_item][et_pb_accordion_item title=&#8221;Gibt es noch weitere Individualisierungsm\u00f6glichkeiten?&#8221; icon_color=&#8221;#B4926B&#8221; _builder_version=&#8221;4.27.6&#8243; hover_enabled=&#8221;0&#8243; global_colors_info=&#8221;{}&#8221; open=&#8221;off&#8221; sticky_enabled=&#8221;0&#8243;]<\/p>\n<p style=\"text-align: justify;\">Neben der Auswahl der Rahmenfarbe der Ger\u00e4te bieten einige Hersteller weitere M\u00f6glichkeiten\u00a0 der Individualisierung an. Dazu geh\u00f6ren verschiedene Lederarten f\u00fcr Trainingsb\u00e4nke, individuelle N\u00e4hte oder Stickereien sowie eine gro\u00dfe Auswahl an Oberfl\u00e4chen f\u00fcr Zubeh\u00f6r wie Boxs\u00e4cke oder andere Trainingsger\u00e4te. Diese Individualisierungsm\u00f6glichkeiten erm\u00f6glichen es uns, die Fitnessger\u00e4te an das Einrichtungskonzept der Immobilie anzupassen, sodass sich der Fitnessbereich nahtlos in das Gesamtbild einf\u00fcgt.<\/p>\n<p>[\/et_pb_accordion_item][et_pb_accordion_item title=&#8221;Wie viel Platz brauche ich f\u00fcr ein Heim-Fitnessstudio?&#8221; icon_color=&#8221;#B4926B&#8221; _builder_version=&#8221;4.27.6&#8243; _module_preset=&#8221;default&#8221; hover_enabled=&#8221;0&#8243; global_colors_info=&#8221;{}&#8221; open=&#8221;off&#8221; sticky_enabled=&#8221;0&#8243;]<\/p>\n<p class=\"p1\" style=\"text-align: justify;\">Wie viel Platz f\u00fcr ein Heim-Fitnessstudio ben\u00f6tigt wird, h\u00e4ngt von Ihren Trainingszielen und der Art der Ger\u00e4te ab, die Sie nutzen m\u00f6chten. Schon 4\u20136 m\u00b2 k\u00f6nnen f\u00fcr einen kleinen Bereich wie funktionelles Training ausreichen, der auf Beweglichkeit, Yoga oder Freihanteln wie Kurzhanteln und Kettlebells ausgerichtet ist. Wenn Sie etwa 6\u201310 m\u00b2 zur Verf\u00fcgung haben, l\u00e4sst sich ein kompaktes Heim-Fitnessstudio mit kleineren Kraftger\u00e4ten und eventuell einem Ausdauerger\u00e4t wie einem Laufband oder einem Heimtrainer einrichten. F\u00fcr eine vielseitigere Ausstattung, die sowohl Kraft- als auch Ausdauerger\u00e4te umfasst \u2013 zum Beispiel ein Squat-Rack oder Half-Rack, eine Hantelbank und ein Kurzhantelst\u00e4nder, mit Laufband, Airbike oder Ruderger\u00e4t \u2013 sind 15\u201325 m\u00b2 ideal. Eine Deckenh\u00f6he von mindestens 2,20 Metern, ausreichend Bewegungsfreiheit um die Ger\u00e4te herum und ein fester, stabiler Boden sind ebenfalls wichtige Faktoren bei der Planung eines Heim-Fitnessstudios auf Mallorca.<\/p>\n<p>[\/et_pb_accordion_item][et_pb_accordion_item title=&#8221;Bieten Sie die Installation und Einrichtung an?&#8221; icon_color=&#8221;#B4926B&#8221; _builder_version=&#8221;4.27.6&#8243; _module_preset=&#8221;default&#8221; hover_enabled=&#8221;0&#8243; global_colors_info=&#8221;{}&#8221; open=&#8221;off&#8221; sticky_enabled=&#8221;0&#8243;]<\/p>\n<p class=\"p1\" style=\"text-align: justify;\">Ja, alle Hersteller, mit denen wir zusammenarbeiten, verf\u00fcgen \u00fcber eigene professionell geschulte Montageteams, die auf die Installation ihrer Ger\u00e4te spezialisiert sind. So wird sichergestellt, dass Ihre Heim-Fitnessger\u00e4te korrekt und gem\u00e4\u00df den Herstellerstandards montiert werden. Bitte beachten Sie, dass wir die Montage nur f\u00fcr Ger\u00e4te koordinieren, die \u00fcber VIVIDO Solutions erworben wurden.<\/p>\n<p>[\/et_pb_accordion_item][et_pb_accordion_item title=&#8221;K\u00f6nnen Sie einen kompletten Wellnessbereich mit Fitnessraum, Sauna und Kaltwasserbecken entwerfen?&#8221; icon_color=&#8221;#B4926B&#8221; _builder_version=&#8221;4.27.6&#8243; _module_preset=&#8221;default&#8221; hover_enabled=&#8221;0&#8243; global_colors_info=&#8221;{}&#8221; open=&#8221;off&#8221; sticky_enabled=&#8221;0&#8243;]<\/p>\n<p class=\"p1\" style=\"text-align: justify;\">Wenn Sie planen, einen oder mehrere R\u00e4ume in einen privaten Fitness- und Wellnessbereich umzugestalten, k\u00f6nnen wir im Rahmen eines umfassenden Projektmanagement-Services den gesamten Prozess f\u00fcr Sie \u00fcbernehmen. Dies kann die Planung und Integration eines Heim-Fitnessstudios, einer Sauna und eines Kaltwasserbeckens sowie die gesamte Raumgestaltung umfassen. Elemente wie Wandpaneele, Tapeten, Beleuchtungskonzepte, Deckengestaltung und andere Einrichtungsmerkmale k\u00f6nnen ebenfalls einbezogen werden, um einen stimmigen und hochwertigen Wohlf\u00fchlbereich zu schaffen. Sollte sich Ihre Immobilie auf Mallorca derzeit im Bau oder in der Renovierungsphase befinden, empfehlen wir Ihnen, uns bereits in einer fr\u00fchen Planungsphase mit einzubeziehen, um kostspielige Fehler zu vermeiden und das bestm\u00f6gliche Ergebnis zu erzielen.<\/p>\n<p>[\/et_pb_accordion_item][et_pb_accordion_item title=&#8221;Ist es m\u00f6glich, ein Heim-Fitnessstudio in der Garage oder im Aussenbereich einzurichten?&#8221; icon_color=&#8221;#B4926B&#8221; _builder_version=&#8221;4.27.6&#8243; _module_preset=&#8221;default&#8221; hover_enabled=&#8221;0&#8243; global_colors_info=&#8221;{}&#8221; open=&#8221;off&#8221; sticky_enabled=&#8221;0&#8243;]<\/p>\n<p class=\"p1\" style=\"text-align: justify;\">Ja, viele Kunden entscheiden sich daf\u00fcr, ihre Garage in einen eigenen Fitnessraum umzugestalten. Bei einem Besichtigungstermin in Ihrer Immobilie auf Mallorca k\u00f6nnen wir den verf\u00fcgbaren Platz begutachten und ein ma\u00dfgeschneidertes Konzept entwickeln, welches den Raum optimal daf\u00fcr nutzt. Je nach den Gegebenheiten ist es unter Umst\u00e4nden auch m\u00f6glich, einen Fitnessbereich im Freien einzurichten. Trainingsbereiche im Freien k\u00f6nnen eine gro\u00dfartige Erg\u00e4nzung f\u00fcr Fincas oder gr\u00f6\u00dfere Anwesen auf der Insel sein und erm\u00f6glichen es Ihnen, an der frischen Luft zu trainieren, sowie dabei das mediterrane Klima Mallorcas zu genie\u00dfen. Gerne begutachten wir den Standort und besprechen die besten Optionen f\u00fcr Ihr individuelles Projekt.<\/p>\n<p>[\/et_pb_accordion_item][\/et_pb_accordion][\/et_pb_column][\/et_pb_row][\/et_pb_section]<\/p>\n","protected":false},"excerpt":{"rendered":"<p>Lassen Sie uns in Kontakt tretenIch w\u00fcrde mich freuen von Ihnen zu h\u00f6ren!Ganz gleich, ob Sie ein privates Heim-Fitnessstudio, einen privaten Wellnessbereich oder einen kompletten Fitnessstudio planen \u2013 wir begleiten Sie vom ersten Konzept bis zur Fertigstellung. Wir arbeiten sowohl mit Privatkunden, als auch mit Architekten, Innenarchitekten und Bautr\u00e4gern auf ganz Mallorca zusammen, um ma\u00dfgeschneiderte [&hellip;]<\/p>\n","protected":false},"author":1,"featured_media":0,"parent":0,"menu_order":0,"comment_status":"closed","ping_status":"closed","template":"","meta":{"_et_pb_use_builder":"on","_et_pb_old_content":"","_et_gb_content_width":"","footnotes":""},"class_list":["post-1092","page","type-page","status-publish","hentry"],"_links":{"self":[{"href":"https:\/\/vivido-solutions.com\/de\/wp-json\/wp\/v2\/pages\/1092","targetHints":{"allow":["GET"]}}],"collection":[{"href":"https:\/\/vivido-solutions.com\/de\/wp-json\/wp\/v2\/pages"}],"about":[{"href":"https:\/\/vivido-solutions.com\/de\/wp-json\/wp\/v2\/types\/page"}],"author":[{"embeddable":true,"href":"https:\/\/vivido-solutions.com\/de\/wp-json\/wp\/v2\/users\/1"}],"replies":[{"embeddable":true,"href":"https:\/\/vivido-solutions.com\/de\/wp-json\/wp\/v2\/comments?post=1092"}],"version-history":[{"count":18,"href":"https:\/\/vivido-solutions.com\/de\/wp-json\/wp\/v2\/pages\/1092\/revisions"}],"predecessor-version":[{"id":1286,"href":"https:\/\/vivido-solutions.com\/de\/wp-json\/wp\/v2\/pages\/1092\/revisions\/1286"}],"wp:attachment":[{"href":"https:\/\/vivido-solutions.com\/de\/wp-json\/wp\/v2\/media?parent=1092"}],"curies":[{"name":"wp","href":"https:\/\/api.w.org\/{rel}","templated":true}]}}