{"id":1363,"date":"2026-03-20T12:06:46","date_gmt":"2026-03-20T12:06:46","guid":{"rendered":"https:\/\/vivido-solutions.com\/impressum\/"},"modified":"2026-04-22T14:18:22","modified_gmt":"2026-04-22T14:18:22","slug":"impressum","status":"publish","type":"page","link":"https:\/\/vivido-solutions.com\/de\/impressum\/","title":{"rendered":"Impressum"},"content":{"rendered":"<p>[et_pb_section fb_built=&#8221;1&#8243; admin_label=&#8221;Header&#8221; _builder_version=&#8221;4.27.6&#8243; _module_preset=&#8221;default&#8221; use_background_color_gradient=&#8221;on&#8221; background_color_gradient_stops=&#8221;rgba(31,35,44,0.7) 0%|gcid-9fa4a1b6-767d-41ca-984c-a6f10449c843 100%&#8221; background_color_gradient_overlays_image=&#8221;on&#8221; background_image=&#8221;https:\/\/vivido-solutions.com\/wp-content\/uploads\/2025\/11\/Hanteln-Hintergrund-1-scaled.png&#8221; locked=&#8221;off&#8221; collapsed=&#8221;on&#8221; global_colors_info=&#8221;{%22gcid-9fa4a1b6-767d-41ca-984c-a6f10449c843%22:%91%22background_color_gradient_stops%22%93}&#8221;][et_pb_row _builder_version=&#8221;4.20.0&#8243; _module_preset=&#8221;default&#8221; global_colors_info=&#8221;{}&#8221;][et_pb_column type=&#8221;4_4&#8243; _builder_version=&#8221;4.20.0&#8243; _module_preset=&#8221;default&#8221; global_colors_info=&#8221;{}&#8221;][et_pb_text _builder_version=&#8221;4.27.6&#8243; _module_preset=&#8221;92db1eee-36e8-4937-a733-691dfc669f54&#8243; header_4_text_color=&#8221;gcid-2f3f3e09-0a26-4ea7-8906-5e1128945e3f&#8221; text_orientation=&#8221;center&#8221; custom_margin=&#8221;||10px||false|false&#8221; global_colors_info=&#8221;{%22gcid-2f3f3e09-0a26-4ea7-8906-5e1128945e3f%22:%91%22header_4_text_color%22%93}&#8221;]<\/p>\n<h4>Vivido Solutions<\/h4>\n<p>[\/et_pb_text][et_pb_image src=&#8221;https:\/\/vivido-solutions.com\/wp-content\/uploads\/2026\/03\/attorney-1.png&#8221; title_text=&#8221;attorney-1&#8243; _builder_version=&#8221;4.20.0&#8243; _module_preset=&#8221;default&#8221; max_width=&#8221;130px&#8221; module_alignment=&#8221;center&#8221; global_colors_info=&#8221;{}&#8221;][\/et_pb_image][\/et_pb_column][\/et_pb_row][\/et_pb_section][et_pb_section fb_built=&#8221;1&#8243; admin_label=&#8221;Service Info&#8221; _builder_version=&#8221;4.20.0&#8243; _module_preset=&#8221;default&#8221; background_color=&#8221;gcid-9fa4a1b6-767d-41ca-984c-a6f10449c843&#8243; collapsed=&#8221;on&#8221; global_colors_info=&#8221;{%22gcid-9fa4a1b6-767d-41ca-984c-a6f10449c843%22:%91%22background_color%22%93}&#8221;][et_pb_row custom_padding_last_edited=&#8221;on|desktop&#8221; _builder_version=&#8221;4.20.0&#8243; _module_preset=&#8221;default&#8221; custom_padding=&#8221;30px|60px|30px|60px|true|true&#8221; custom_padding_tablet=&#8221;|40px||40px|false|true&#8221; custom_padding_phone=&#8221;20px|20px|20px|20px|true|true&#8221; border_color_all=&#8221;gcid-11d3dbbb-f6dc-4fb8-929b-9d6994368d00&#8243; border_width_left=&#8221;5px&#8221; global_colors_info=&#8221;{%22gcid-11d3dbbb-f6dc-4fb8-929b-9d6994368d00%22:%91%22border_color_all%22%93}&#8221;][et_pb_column type=&#8221;4_4&#8243; _builder_version=&#8221;4.20.0&#8243; _module_preset=&#8221;default&#8221; global_colors_info=&#8221;{}&#8221;][et_pb_text _builder_version=&#8221;4.27.6&#8243; _module_preset=&#8221;4af1f52f-aebe-440b-bec8-47fa4c049e9a&#8221; header_3_text_color=&#8221;gcid-11d3dbbb-f6dc-4fb8-929b-9d6994368d00&#8243; hover_enabled=&#8221;0&#8243; global_colors_info=&#8221;{%22gcid-11d3dbbb-f6dc-4fb8-929b-9d6994368d00%22:%91%22header_3_text_color%22%93}&#8221; sticky_enabled=&#8221;0&#8243;]<\/p>\n<h3>Impressum<\/h3>\n<p>[\/et_pb_text][et_pb_text _builder_version=&#8221;4.27.6&#8243; _module_preset=&#8221;cf97b078-4db1-4e96-ac56-1221c9d071a9&#8243; text_text_color=&#8221;#FFFFFF&#8221; global_colors_info=&#8221;{}&#8221;]<\/p>\n<p class=\"p2\"><u>Inhaber<\/u>: Matthias Feuerstein<\/p>\n<p><\/p>\n<p class=\"p2\"><u>Addresse<\/u>: C\/ Lluis Marti 10, 07006 Palma<\/p>\n<p><\/p>\n<p class=\"p2\"><u>NIE (Steuernummer)<\/u>: Y4517068C<\/p>\n<p><\/p>\n<p class=\"p2\"><u>E-Mail<\/u>: info@vivido-solutions.com<\/p>\n<p><\/p>\n<p class=\"p2\"><u>Telefon<\/u>: (+34) 613887177<\/p>\n<p><\/p>\n<p class=\"p2\"><u>T\u00e4tigkeit<\/u>: Selbstst\u00e4ndiger Berater f\u00fcr den privaten Fitness- und Wellnesbereich (Aut\u00f3nomo)<\/p>\n<p><\/p>\n<p class=\"p2\"><u>Registration<\/u>: Eingetragen im Registro de Aut\u00f3nomos in Mallorca<\/p>\n<p>[\/et_pb_text][\/et_pb_column][\/et_pb_row][\/et_pb_section]<\/p>\n","protected":false},"excerpt":{"rendered":"<p>Vivido SolutionsImpressumInhaber: Matthias FeuersteinAddresse: C\/ Lluis Marti 10, 07006 PalmaNIE (Steuernummer): Y4517068CE-Mail: info@vivido-solutions.comTelefon: (+34) 613887177T\u00e4tigkeit: Selbstst\u00e4ndiger Berater f\u00fcr den privaten Fitness- und Wellnesbereich (Aut\u00f3nomo)Registration: Eingetragen im Registro de Aut\u00f3nomos in Mallorca<\/p>\n","protected":false},"author":1,"featured_media":0,"parent":0,"menu_order":0,"comment_status":"closed","ping_status":"closed","template":"","meta":{"_et_pb_use_builder":"on","_et_pb_old_content":"","_et_gb_content_width":"","footnotes":""},"class_list":["post-1363","page","type-page","status-publish","hentry"],"_links":{"self":[{"href":"https:\/\/vivido-solutions.com\/de\/wp-json\/wp\/v2\/pages\/1363","targetHints":{"allow":["GET"]}}],"collection":[{"href":"https:\/\/vivido-solutions.com\/de\/wp-json\/wp\/v2\/pages"}],"about":[{"href":"https:\/\/vivido-solutions.com\/de\/wp-json\/wp\/v2\/types\/page"}],"author":[{"embeddable":true,"href":"https:\/\/vivido-solutions.com\/de\/wp-json\/wp\/v2\/users\/1"}],"replies":[{"embeddable":true,"href":"https:\/\/vivido-solutions.com\/de\/wp-json\/wp\/v2\/comments?post=1363"}],"version-history":[{"count":2,"href":"https:\/\/vivido-solutions.com\/de\/wp-json\/wp\/v2\/pages\/1363\/revisions"}],"predecessor-version":[{"id":1365,"href":"https:\/\/vivido-solutions.com\/de\/wp-json\/wp\/v2\/pages\/1363\/revisions\/1365"}],"wp:attachment":[{"href":"https:\/\/vivido-solutions.com\/de\/wp-json\/wp\/v2\/media?parent=1363"}],"curies":[{"name":"wp","href":"https:\/\/api.w.org\/{rel}","templated":true}]}}