{"id":916,"date":"2025-11-23T18:22:16","date_gmt":"2025-11-23T18:22:16","guid":{"rendered":"https:\/\/vivido.crearte.studio\/fuer-fachleute\/"},"modified":"2026-04-08T16:41:00","modified_gmt":"2026-04-08T16:41:00","slug":"fuer-fachleute","status":"publish","type":"page","link":"https:\/\/vivido-solutions.com\/de\/fuer-fachleute\/","title":{"rendered":"F\u00fcr Fachleute"},"content":{"rendered":"<p>[et_pb_section fb_built=&#8221;1&#8243; admin_label=&#8221;Hero&#8221; _builder_version=&#8221;4.27.6&#8243; background_color=&#8221;#faf8f4&#8243; custom_padding=&#8221;0px|0px|0px|0px&#8221; animation_style=&#8221;zoom&#8221; animation_intensity_zoom=&#8221;4%&#8221; locked=&#8221;off&#8221; global_colors_info=&#8221;{}&#8221;][et_pb_row column_structure=&#8221;3_5,2_5&#8243; use_custom_gutter=&#8221;on&#8221; gutter_width=&#8221;1&#8243; module_class=&#8221; et_pb_row_fullwidth&#8221; _builder_version=&#8221;4.27.6&#8243; width=&#8221;86%&#8221; width_tablet=&#8221;80%&#8221; width_phone=&#8221;80%&#8221; width_last_edited=&#8221;on|desktop&#8221; max_width=&#8221;86%&#8221; max_width_tablet=&#8221;80%&#8221; max_width_phone=&#8221;80%&#8221; max_width_last_edited=&#8221;on|desktop&#8221; custom_padding=&#8221;40px||0px|||&#8221; make_fullwidth=&#8221;on&#8221; global_colors_info=&#8221;{%22gcid-555f765c-f894-450b-b9e2-169a23b01a51%22:%91%22background_color%22%93}&#8221;][et_pb_column type=&#8221;3_5&#8243; _builder_version=&#8221;4.27.4&#8243; custom_padding=&#8221;10%|8%|10%|8%&#8221; global_colors_info=&#8221;{}&#8221; custom_padding__hover=&#8221;|||&#8221;][et_pb_heading title=&#8221;Schl\u00fcsselfertige Heim-Fitnessstudio L\u00f6sungen, welche das Profil Ihres Projekts ma\u00dfgeblich aufwerten.&#8221; _builder_version=&#8221;4.27.4&#8243; _module_preset=&#8221;_initial&#8221; title_level=&#8221;h3&#8243; title_font=&#8221;Arimo||||||||&#8221; title_text_align=&#8221;left&#8221; title_text_color=&#8221;#B4926B&#8221; title_font_size=&#8221;42px&#8221; title_line_height=&#8221;130%&#8221; custom_margin=&#8221;-75px||50px||false|false&#8221; title_font_size_tablet=&#8221;22px&#8221; title_font_size_phone=&#8221;17px&#8221; title_font_size_last_edited=&#8221;on|phone&#8221; locked=&#8221;off&#8221; global_colors_info=&#8221;{}&#8221;][\/et_pb_heading][et_pb_text _builder_version=&#8221;4.27.6&#8243; text_font=&#8221;Arimo||||||||&#8221; text_text_color=&#8221;#353740&#8243; text_font_size=&#8221;16px&#8221; text_line_height=&#8221;1.8em&#8221; header_font=&#8221;||||||||&#8221; custom_margin=&#8221;||50px|&#8221; animation_style=&#8221;slide&#8221; animation_direction=&#8221;top&#8221; animation_intensity_slide=&#8221;17%&#8221; locked=&#8221;off&#8221; global_colors_info=&#8221;{}&#8221;]<\/p>\n<p class=\"p1\" style=\"text-align: justify;\">Arbeiten Sie mit uns zusammen, um Ihren Kunden erstklassige L\u00f6sungen f\u00fcr Heim-Fitnessstudios anzubieten, welche bereits ab der fr\u00fchesten Planungsphase nahtlos in Ihr Projekt integriert werden k\u00f6nnen. Gemeinsam mit VIVIDO SOLUTIONS und unseren Partnern werten Sie Ihr Bauvorhaben durch ma\u00dfgeschneiderte High-End-Fitness- und Wellness L\u00f6sungen auf \u2013 perfekt abgestimmt auf die architektonische Vision, die \u00c4sthetik des Interieurs und die Lifestyle-Erwartungen anspruchsvoller Immobilienk\u00e4ufer auf Mallorca. Wir unterst\u00fctzen Sie vom Konzept und der Produktauswahl bis hin zur Koordination, Lieferung und Montage. So garantieren wir einen sorgenfreien, vollumf\u00e4nglich betreuten Prozess, welcher die Qualit\u00e4t und den Wert Ihrer Projekte nachhaltig steigert.<\/p>\n<p>[\/et_pb_text][\/et_pb_column][et_pb_column type=&#8221;2_5&#8243; _builder_version=&#8221;4.27.6&#8243; background_enable_image=&#8221;off&#8221; custom_padding=&#8221;|0px|||false|false&#8221; border_radii=&#8221;on|30px|30px|30px|30px&#8221; global_colors_info=&#8221;{}&#8221; custom_padding__hover=&#8221;|||&#8221;][et_pb_image src=&#8221;https:\/\/vivido-solutions.com\/wp-content\/uploads\/2025\/12\/Bildschirmfoto-2025-09-02-um-12.00.17-1-e1764664573835.png&#8221; title_text=&#8221;Bildschirmfoto 2025-09-02 um 12.00.17&#8243; _builder_version=&#8221;4.27.6&#8243; _module_preset=&#8221;default&#8221; max_width=&#8221;100%&#8221; custom_margin=&#8221;15%||||false|false&#8221; hover_enabled=&#8221;0&#8243; border_radii=&#8221;on|25px|25px|25px|25px&#8221; global_colors_info=&#8221;{}&#8221; sticky_enabled=&#8221;0&#8243;][\/et_pb_image][\/et_pb_column][\/et_pb_row][\/et_pb_section][et_pb_section fb_built=&#8221;1&#8243; _builder_version=&#8221;4.27.4&#8243; _module_preset=&#8221;default&#8221; background_color=&#8221;#FAF8F4&#8243; custom_padding=&#8221;17px||26px|||&#8221; global_colors_info=&#8221;{}&#8221;][et_pb_row column_structure=&#8221;1_3,1_3,1_3&#8243; use_custom_gutter=&#8221;on&#8221; gutter_width=&#8221;2&#8243; make_equal=&#8221;on&#8221; admin_label=&#8221;Dienstleistungen&#8221; _builder_version=&#8221;4.27.4&#8243; max_width=&#8221;80%&#8221; custom_padding=&#8221;25px||25px|&#8221; use_custom_width=&#8221;on&#8221; width_unit=&#8221;off&#8221; locked=&#8221;off&#8221; global_colors_info=&#8221;{}&#8221;][et_pb_column type=&#8221;1_3&#8243; _builder_version=&#8221;4.27.4&#8243; background_color=&#8221;#FFFFFF&#8221; custom_padding=&#8221;|||&#8221; border_radii=&#8221;on|20px|20px|20px|20px&#8221; global_colors_info=&#8221;{}&#8221; custom_padding__hover=&#8221;|||&#8221;][et_pb_blurb title=&#8221;Effiziente Entlastung Ihres Personals durch Outsourcing&#8221; use_icon=&#8221;on&#8221; font_icon=&#8221;&#xf4fd;||fa||900&#8243; icon_color=&#8221;gcid-11d3dbbb-f6dc-4fb8-929b-9d6994368d00&#8243; image_icon_width=&#8221;60px&#8221; _builder_version=&#8221;4.27.6&#8243; header_font=&#8221;Urbanist|700|||||||&#8221; header_text_color=&#8221;#353740&#8243; header_font_size=&#8221;22px&#8221; header_line_height=&#8221;1.4em&#8221; body_font=&#8221;Arimo||||||||&#8221; body_text_color=&#8221;#747d88&#8243; body_font_size=&#8221;16px&#8221; body_line_height=&#8221;1.8em&#8221; text_orientation=&#8221;center&#8221; custom_padding=&#8221;30px|30px|30px|30px&#8221; animation_style=&#8221;zoom&#8221; border_width_all=&#8221;0px&#8221; border_color_all=&#8221;#dddddd&#8221; border_style_all=&#8221;solid&#8221; use_border_color=&#8221;on&#8221; border_color=&#8221;#dddddd&#8221; icon_font_size=&#8221;60px&#8221; global_colors_info=&#8221;{%22gcid-11d3dbbb-f6dc-4fb8-929b-9d6994368d00%22:%91%22icon_color%22%93}&#8221;]<\/p>\n<p class=\"p1\" style=\"text-align: justify;\">\u00dcberlassen Sie uns die Recherche von Equipment, Herstellern und technischen Details sowie die gesamte Logistik. Wir haben den Markt\u00fcberblick, kennen die neuesten Trends und pflegen engste Kontakte zu den Marktf\u00fchren der Fitness- und Wellnessindustrie.\u00a0<\/p>\n<p>[\/et_pb_blurb][\/et_pb_column][et_pb_column type=&#8221;1_3&#8243; _builder_version=&#8221;4.27.4&#8243; background_color=&#8221;#FFFFFF&#8221; custom_padding=&#8221;|||&#8221; border_radii=&#8221;on|20px|20px|20px|20px&#8221; global_colors_info=&#8221;{}&#8221; custom_padding__hover=&#8221;|||&#8221;][et_pb_blurb title=&#8221;Produktmuster f\u00fcr Ihre Kundentermine&#8221; use_icon=&#8221;on&#8221; font_icon=&#8221;&#xf12e;||fa||900&#8243; icon_color=&#8221;gcid-11d3dbbb-f6dc-4fb8-929b-9d6994368d00&#8243; image_icon_width=&#8221;60px&#8221; _builder_version=&#8221;4.27.4&#8243; header_font=&#8221;Urbanist|700|||||||&#8221; header_text_color=&#8221;#353740&#8243; header_font_size=&#8221;22px&#8221; header_line_height=&#8221;1.4em&#8221; body_font=&#8221;Arimo||||||||&#8221; body_text_color=&#8221;#747d88&#8243; body_font_size=&#8221;16px&#8221; body_line_height=&#8221;1.8em&#8221; text_orientation=&#8221;center&#8221; custom_padding=&#8221;30px|30px|30px|30px&#8221; animation_style=&#8221;zoom&#8221; border_width_all=&#8221;0px&#8221; border_color_all=&#8221;#dddddd&#8221; border_style_all=&#8221;solid&#8221; use_border_color=&#8221;on&#8221; border_color=&#8221;#dddddd&#8221; icon_font_size=&#8221;60px&#8221; global_colors_info=&#8221;{%22gcid-11d3dbbb-f6dc-4fb8-929b-9d6994368d00%22:%91%22icon_color%22%93}&#8221;]<\/p>\n<p class=\"p1\" style=\"text-align: justify;\">Hochwertige Muster der Individualisierungsm\u00f6glichkeiten f\u00fcr Fitnessger\u00e4te und Bodenbel\u00e4ge machen wir die Vision eines High-End-Gyms auf Mallorca greifbar. Diese Muster \u00fcberzeugen Ihre Kunden in der Pr\u00e4sentationsphase, beschleunigen die Entscheidung und runden Ihr Design-Moodboard perfekt ab.\u00a0<\/p>\n<p>[\/et_pb_blurb][\/et_pb_column][et_pb_column type=&#8221;1_3&#8243; _builder_version=&#8221;4.27.4&#8243; background_color=&#8221;#FFFFFF&#8221; custom_padding=&#8221;|||&#8221; border_radii=&#8221;on|20px|20px|20px|20px&#8221; global_colors_info=&#8221;{}&#8221; custom_padding__hover=&#8221;|||&#8221;][et_pb_blurb title=&#8221;Wettbewerbsvorteil &amp; Wertsteigerung Ihrer Immobilie&#8221; use_icon=&#8221;on&#8221; font_icon=&#8221;&#xf560;||fa||900&#8243; icon_color=&#8221;gcid-11d3dbbb-f6dc-4fb8-929b-9d6994368d00&#8243; image_icon_width=&#8221;60px&#8221; _builder_version=&#8221;4.27.4&#8243; header_font=&#8221;Urbanist|700|||||||&#8221; header_text_color=&#8221;#353740&#8243; header_font_size=&#8221;22px&#8221; header_line_height=&#8221;1.4em&#8221; body_font=&#8221;Arimo||||||||&#8221; body_text_color=&#8221;#747d88&#8243; body_font_size=&#8221;16px&#8221; body_line_height=&#8221;1.8em&#8221; text_orientation=&#8221;center&#8221; custom_padding=&#8221;30px|30px|30px|30px&#8221; animation_style=&#8221;zoom&#8221; border_width_all=&#8221;0px&#8221; border_color_all=&#8221;#dddddd&#8221; border_style_all=&#8221;solid&#8221; use_border_color=&#8221;on&#8221; border_color=&#8221;#dddddd&#8221; icon_font_size=&#8221;60px&#8221; global_colors_info=&#8221;{%22gcid-11d3dbbb-f6dc-4fb8-929b-9d6994368d00%22:%91%22icon_color%22%93}&#8221;]<\/p>\n<p class=\"p1\" style=\"text-align: justify;\">Professionell gestaltete Heim-Fitnessstudios steigern sowohl den wahrgenommenen als auch den tats\u00e4chlichen Wert Ihrer Immobilienprojekte. Zudem hebt dies Ihr Projekt deutlich vom Wettbewerb ab und hilft Ihnen dabei, anspruchsvolle Kunden und Investoren f\u00fcr sich zu gewinnen.\u00a0<\/p>\n<p>[\/et_pb_blurb][\/et_pb_column][\/et_pb_row][\/et_pb_section][et_pb_section fb_built=&#8221;1&#8243; admin_label=&#8221;Feature Section&#8221; _builder_version=&#8221;4.27.4&#8243; background_color=&#8221;#FAF8F4&#8243; custom_margin=&#8221;|||&#8221; custom_padding=&#8221;13px||110px|||&#8221; locked=&#8221;off&#8221; global_colors_info=&#8221;{}&#8221;][et_pb_row column_structure=&#8221;3_5,2_5&#8243; use_custom_gutter=&#8221;on&#8221; gutter_width=&#8221;1&#8243; admin_label=&#8221;Feature&#8221; module_class=&#8221; et_pb_row_fullwidth&#8221; _builder_version=&#8221;4.27.6&#8243; width=&#8221;86%&#8221; width_tablet=&#8221;80%&#8221; width_phone=&#8221;80%&#8221; width_last_edited=&#8221;on|desktop&#8221; max_width=&#8221;86%&#8221; max_width_tablet=&#8221;80%&#8221; max_width_phone=&#8221;80%&#8221; max_width_last_edited=&#8221;on|desktop&#8221; custom_padding=&#8221;40px||0px|||&#8221; make_fullwidth=&#8221;on&#8221; global_colors_info=&#8221;{}&#8221;][et_pb_column type=&#8221;3_5&#8243; _builder_version=&#8221;4.16&#8243; background_color_gradient_start=&#8221;#fcd21d&#8221; background_color_gradient_end=&#8221;#fcd21d&#8221; custom_padding=&#8221;|||&#8221; global_colors_info=&#8221;{}&#8221; custom_padding__hover=&#8221;|||&#8221;][et_pb_image src=&#8221;https:\/\/vivido-solutions.com\/wp-content\/uploads\/2025\/11\/Bildschirmfoto-2025-09-02-um-11.59.56.png&#8221; title_text=&#8221;Bildschirmfoto-2025-09-02-um-11.59.56&#8243; _builder_version=&#8221;4.27.6&#8243; _module_preset=&#8221;default&#8221; max_width=&#8221;80%&#8221; custom_margin=&#8221;-0.2%||||false|false&#8221; hover_enabled=&#8221;0&#8243; border_radii=&#8221;on|25px|25px|25px|25px&#8221; locked=&#8221;off&#8221; global_colors_info=&#8221;{}&#8221; sticky_enabled=&#8221;0&#8243;][\/et_pb_image][\/et_pb_column][et_pb_column type=&#8221;2_5&#8243; _builder_version=&#8221;4.16&#8243; custom_padding=&#8221;7%||7%|&#8221; global_colors_info=&#8221;{}&#8221; custom_padding__hover=&#8221;|||&#8221;][et_pb_heading title=&#8221;Profitieren Sie von unserer Partnerschaft&#8221; _builder_version=&#8221;4.27.4&#8243; _module_preset=&#8221;_initial&#8221; title_level=&#8221;h3&#8243; title_font=&#8221;Arimo||||||||&#8221; title_text_align=&#8221;center&#8221; title_text_color=&#8221;#B4926B&#8221; title_font_size=&#8221;42px&#8221; title_line_height=&#8221;130%&#8221; custom_margin=&#8221;-100px||9px||false|false&#8221; title_font_size_tablet=&#8221;22px&#8221; title_font_size_phone=&#8221;17px&#8221; title_font_size_last_edited=&#8221;on|phone&#8221; locked=&#8221;off&#8221; global_colors_info=&#8221;{}&#8221;][\/et_pb_heading][et_pb_accordion open_toggle_text_color=&#8221;gcid-53054839-b83d-4ef0-8659-8a010e6148fd&#8221; open_toggle_background_color=&#8221;rgba(135,135,135,0)&#8221; closed_toggle_background_color=&#8221;rgba(147,147,147,0)&#8221; toggle_icon=&#8221;&#x4c;||divi||400&#8243; icon_color=&#8221;#000000&#8243; use_icon_font_size=&#8221;on&#8221; icon_font_size=&#8221;32px&#8221; _builder_version=&#8221;4.27.6&#8243; _module_preset=&#8221;_initial&#8221; toggle_text_color=&#8221;gcid-53054839-b83d-4ef0-8659-8a010e6148fd&#8221; toggle_font=&#8221;Urbanist||||||||&#8221; toggle_font_size=&#8221;22px&#8221; toggle_line_height=&#8221;1.4em&#8221; body_font=&#8221;Arimo||||||||&#8221; body_font_size=&#8221;16px&#8221; body_line_height=&#8221;1.8em&#8221; background_color=&#8221;rgba(12,12,12,0)&#8221; toggle_font_size_tablet=&#8221;15px&#8221; toggle_font_size_phone=&#8221;14px&#8221; toggle_font_size_last_edited=&#8221;on|desktop&#8221; border_width_all=&#8221;0px&#8221; border_width_bottom=&#8221;1px&#8221; locked=&#8221;off&#8221; global_colors_info=&#8221;{%22gcid-53054839-b83d-4ef0-8659-8a010e6148fd%22:%91%22toggle_text_color%22,%22open_toggle_text_color%22%93}&#8221;][et_pb_accordion_item title=&#8221;Denn die Zusammenarbeit mit einem Experten macht den Unterschied &#8221; open=&#8221;on&#8221; open_toggle_text_color=&#8221;#000000&#8243; _builder_version=&#8221;4.27.4&#8243; _module_preset=&#8221;_initial&#8221; custom_margin=&#8221;||0px||false|false&#8221; custom_padding=&#8221;30px||30px|0px|true|false&#8221; global_colors_info=&#8221;{}&#8221;]<\/p>\n<p class=\"p1\" style=\"text-align: justify;\">Die Zusammenarbeit mit uns bietet einen entscheidenden Vorteil f\u00fcr Bautr\u00e4ger, Architekten und Innenarchitekten, die ihre Projekte durch professionelle, vollumf\u00e4nglich durchdachte Fitness- und Wellness Bereiche aufwerten m\u00f6chten. Anstatt diese Aufgaben an interne Teammitglieder zu delegieren, welche m\u00f6glicherweise nicht mit der Komplexit\u00e4t und den Trends des Fitnessmarktes vertraut sind, gewinnen Sie mit uns einen spezialisierten Partner f\u00fcr eben diesen Bereich. Wir verf\u00fcgen \u00fcber das fundierte Fachwissen zu Ger\u00e4testandards, r\u00e4umlichen Anforderungen, Sicherheitsaspekten und Design-Harmonie \u2013 exakt abgestimmt auf die hohen Erwartungen von High-End-Kunden.\u00a0<\/p>\n<p>[\/et_pb_accordion_item][et_pb_accordion_item title=&#8221;Optimierung Ihrer internen Arbeitsabl\u00e4ufe&#8221; _builder_version=&#8221;4.27.4&#8243; _module_preset=&#8221;_initial&#8221; custom_margin=&#8221;||0px||false|false&#8221; custom_padding=&#8221;30px||30px|0px|true|false&#8221; global_colors_info=&#8221;{}&#8221; open=&#8221;off&#8221;]<\/p>\n<p class=\"p1\" style=\"text-align: justify;\">Wir k\u00fcmmern uns um alles \u2013 von der fr\u00fchen Konzeptentwicklung und passenden Markenauswahl bis hin zur technischen Planung, Logistik und Montage. Dabei garantieren wir einen reibungslosen Prozess, welcher sich m\u00fchelos in Ihren bestehenden Arbeitsablauf integriert. Dies reduziert Ihren eigenen internen Arbeitsaufwand, schlie\u00dft Unsicherheiten aus und verhindert kostspielige Planungsfehler. Gleichzeitig profitieren Sie vom Zugang zu Premium-Herstellern, ma\u00dfgeschneiderten L\u00f6sungen f\u00fcr jede Raumgr\u00f6\u00dfe und einem Endergebnis, welches perfekt auf die \u00e4sthetischen und funktionalen Ziele Ihres Projekts oder die Materialw\u00fcnsche Ihrer Kunden abgestimmt ist.<\/p>\n<p>[\/et_pb_accordion_item][et_pb_accordion_item title=&#8221;Nachhaltige Wertsch\u00f6pfung f\u00fcr Ihr Unternehmen und Ihre Kunden&#8221; _builder_version=&#8221;4.27.4&#8243; _module_preset=&#8221;_initial&#8221; custom_margin=&#8221;||0px||false|false&#8221; custom_padding=&#8221;30px||30px|0px|true|false&#8221; global_colors_info=&#8221;{}&#8221; open=&#8221;off&#8221;]<\/p>\n<p class=\"p1\" style=\"text-align: justify;\">Das Ergebnis ist eine erstklassige Ausstattung, welche Ihre Kunden zu sch\u00e4tzen wissen, ein gesch\u00e4rftes Immobilienprofil und mehr Zeit f\u00fcr Sie und Ihr Team, um sich auf Ihre Kernkompetenzen zu konzentrieren. Gleichzeitig liefern Sie ein herausragendes, schl\u00fcsselfertiges Fitness- oder Wellness-Erlebnis, welches Ihre Reputation st\u00e4rkt und Ihnen einen klaren Wettbewerbsvorteil verschafft.<\/p>\n<p>[\/et_pb_accordion_item][\/et_pb_accordion][et_pb_button button_text=&#8221;Jetzt zusammenarbeiten&#8221; button_alignment=&#8221;right&#8221; _builder_version=&#8221;4.27.4&#8243; _module_preset=&#8221;2eef6a32-cc9d-4a09-b740-e752e0e37594&#8243; button_text_color=&#8221;#FFFFFF&#8221; button_bg_color=&#8221;gcid-11d3dbbb-f6dc-4fb8-929b-9d6994368d00&#8243; button_border_color=&#8221;RGBA(255,255,255,0)&#8221; custom_margin=&#8221;7px||||false|false&#8221; custom_margin_tablet=&#8221;0px||||false|false&#8221; custom_margin_phone=&#8221;0px||||false|false&#8221; custom_margin_last_edited=&#8221;on|tablet&#8221; locked=&#8221;off&#8221; global_colors_info=&#8221;{%22gcid-f1e65d51-fa2f-4bf0-b2c1-8eab7001e8fd%22:%91%22button_text_color%22,%22button_border_color%22,%22button_border_color%22,%22button_border_color%22,%22button_border_color%22%93,%22gcid-11d3dbbb-f6dc-4fb8-929b-9d6994368d00%22:%91%22button_bg_color%22%93}&#8221;][\/et_pb_button][\/et_pb_column][\/et_pb_row][\/et_pb_section]<\/p>\n","protected":false},"excerpt":{"rendered":"<p>Arbeiten Sie mit uns zusammen, um Ihren Kunden erstklassige L\u00f6sungen f\u00fcr Heim-Fitnessstudios anzubieten, welche bereits ab der fr\u00fchesten Planungsphase nahtlos in Ihr Projekt integriert werden k\u00f6nnen. Gemeinsam mit VIVIDO SOLUTIONS und unseren Partnern werten Sie Ihr Bauvorhaben durch ma\u00dfgeschneiderte High-End-Fitness- und Wellness L\u00f6sungen auf \u2013 perfekt abgestimmt auf die architektonische Vision, die \u00c4sthetik des Interieurs [&hellip;]<\/p>\n","protected":false},"author":1,"featured_media":0,"parent":0,"menu_order":0,"comment_status":"closed","ping_status":"closed","template":"","meta":{"_et_pb_use_builder":"on","_et_pb_old_content":"","_et_gb_content_width":"","footnotes":""},"class_list":["post-916","page","type-page","status-publish","hentry"],"_links":{"self":[{"href":"https:\/\/vivido-solutions.com\/de\/wp-json\/wp\/v2\/pages\/916","targetHints":{"allow":["GET"]}}],"collection":[{"href":"https:\/\/vivido-solutions.com\/de\/wp-json\/wp\/v2\/pages"}],"about":[{"href":"https:\/\/vivido-solutions.com\/de\/wp-json\/wp\/v2\/types\/page"}],"author":[{"embeddable":true,"href":"https:\/\/vivido-solutions.com\/de\/wp-json\/wp\/v2\/users\/1"}],"replies":[{"embeddable":true,"href":"https:\/\/vivido-solutions.com\/de\/wp-json\/wp\/v2\/comments?post=916"}],"version-history":[{"count":24,"href":"https:\/\/vivido-solutions.com\/de\/wp-json\/wp\/v2\/pages\/916\/revisions"}],"predecessor-version":[{"id":1290,"href":"https:\/\/vivido-solutions.com\/de\/wp-json\/wp\/v2\/pages\/916\/revisions\/1290"}],"wp:attachment":[{"href":"https:\/\/vivido-solutions.com\/de\/wp-json\/wp\/v2\/media?parent=916"}],"curies":[{"name":"wp","href":"https:\/\/api.w.org\/{rel}","templated":true}]}}