{"id":925,"date":"2025-11-18T12:18:23","date_gmt":"2025-11-18T12:18:23","guid":{"rendered":"https:\/\/vivido.crearte.studio\/ueber-uns\/"},"modified":"2026-03-16T16:42:26","modified_gmt":"2026-03-16T16:42:26","slug":"ueber-uns","status":"publish","type":"page","link":"https:\/\/vivido-solutions.com\/de\/ueber-uns\/","title":{"rendered":"\u00dcber uns"},"content":{"rendered":"<p>[et_pb_section fb_built=&#8221;1&#8243; admin_label=&#8221;Feature&#8221; _builder_version=&#8221;4.27.4&#8243; background_color=&#8221;#FAF8F4&#8243; custom_padding=&#8221;40px||0px|||&#8221; locked=&#8221;off&#8221; global_colors_info=&#8221;{}&#8221;][et_pb_row _builder_version=&#8221;4.25.1&#8243; _module_preset=&#8221;default&#8221; locked=&#8221;off&#8221; global_colors_info=&#8221;{}&#8221;][et_pb_column type=&#8221;4_4&#8243; _builder_version=&#8221;4.25.1&#8243; _module_preset=&#8221;default&#8221; global_colors_info=&#8221;{}&#8221;][et_pb_text _builder_version=&#8221;4.27.4&#8243; _module_preset=&#8221;default&#8221; header_2_font=&#8221;Merriweather|300|||||||&#8221; header_2_font_size=&#8221;54px&#8221; header_2_line_height=&#8221;1.4em&#8221; header_3_font=&#8221;|700||on|||||&#8221; header_3_font_size=&#8221;14px&#8221; header_3_letter_spacing=&#8221;4px&#8221; header_3_line_height=&#8221;1.4em&#8221; text_orientation=&#8221;center&#8221; header_2_font_size_tablet=&#8221;44px&#8221; header_2_font_size_phone=&#8221;28px&#8221; header_2_font_size_last_edited=&#8221;on|phone&#8221; locked=&#8221;off&#8221; global_colors_info=&#8221;{}&#8221;]<\/p>\n<h3>\u00dcber mich<\/h3>\n<p><\/p>\n<h1><strong style=\"color: #b4926b;\">Neugestaltung von R\u00e4umen &#8211; Aufwertung von Lebensqualit\u00e4t\u00a0<\/strong><\/h1>\n<p>[\/et_pb_text][\/et_pb_column][\/et_pb_row][\/et_pb_section][et_pb_section fb_built=&#8221;1&#8243; admin_label=&#8221;Testimonial&#8221; _builder_version=&#8221;4.27.4&#8243; _module_preset=&#8221;default&#8221; background_color=&#8221;#FAF8F4&#8243; custom_margin=&#8221;-15px||-1px||false|false&#8221; custom_padding=&#8221;0px||0px||false|false&#8221; collapsed=&#8221;on&#8221; global_colors_info=&#8221;{}&#8221;][\/et_pb_section][et_pb_section fb_built=&#8221;1&#8243; admin_label=&#8221;Our Approch&#8221; _builder_version=&#8221;4.27.4&#8243; background_color=&#8221;gcid-555f765c-f894-450b-b9e2-169a23b01a51&#8243; custom_padding=&#8221;0px||||false|false&#8221; locked=&#8221;off&#8221; global_colors_info=&#8221;{%22gcid-555f765c-f894-450b-b9e2-169a23b01a51%22:%91%22background_color%22%93}&#8221;][et_pb_row column_structure=&#8221;1_3,2_3&#8243; _builder_version=&#8221;4.27.4&#8243; global_colors_info=&#8221;{}&#8221;][et_pb_column type=&#8221;1_3&#8243; _builder_version=&#8221;4.16&#8243; global_colors_info=&#8221;{}&#8221;][et_pb_image src=&#8221;https:\/\/vivido-solutions.com\/wp-content\/uploads\/2025\/12\/About_US-e1765207952195.png&#8221; title_text=&#8221;\u00dcber_uns&#8221; _builder_version=&#8221;4.27.4&#8243; custom_margin=&#8221;-64px|-8vw||-10vw|false|false&#8221; custom_margin_tablet=&#8221;0px|0vw||0vw|false|false&#8221; custom_margin_phone=&#8221;&#8221; custom_margin_last_edited=&#8221;on|tablet&#8221; animation_style=&#8221;fade&#8221; animation_direction=&#8221;bottom&#8221; border_radii=&#8221;on|30px|30px|30px|30px&#8221; global_colors_info=&#8221;{}&#8221;][\/et_pb_image][\/et_pb_column][et_pb_column type=&#8221;2_3&#8243; _builder_version=&#8221;4.27.4&#8243; background_color=&#8221;#FFFFFF&#8221; custom_padding=&#8221;120px|60px|120px|60px|true|true&#8221; custom_padding_tablet=&#8221;30px|30px|30px|30px|true|true&#8221; custom_padding_phone=&#8221;30px|20px|30px|20px|true|true&#8221; custom_padding_last_edited=&#8221;on|phone&#8221; border_radii=&#8221;on|30px|30px|30px|30px&#8221; global_colors_info=&#8221;{}&#8221;][et_pb_text _builder_version=&#8221;4.27.4&#8243; _module_preset=&#8221;default&#8221; text_font_size=&#8221;16px&#8221; header_2_font=&#8221;Merriweather|300|||||||&#8221; header_2_font_size=&#8221;54px&#8221; header_2_line_height=&#8221;1.4em&#8221; header_3_font=&#8221;|700||on|||||&#8221; header_3_font_size=&#8221;14px&#8221; header_3_letter_spacing=&#8221;4px&#8221; header_3_line_height=&#8221;1.4em&#8221; header_2_font_size_tablet=&#8221;44px&#8221; header_2_font_size_phone=&#8221;28px&#8221; header_2_font_size_last_edited=&#8221;on|phone&#8221; locked=&#8221;off&#8221; global_colors_info=&#8221;{}&#8221;]<\/p>\n<h1><strong style=\"color: #b4926b;\">Hallo!<\/strong><\/h1>\n<p><\/p>\n<p><span style=\"color: #000000;\">Mein Name ist Matthias, <\/span><\/p>\n<p><\/p>\n<p><span style=\"color: #000000;\">Gr\u00fcnder von VIVIDO SOLUTIONS, wohnhaft und beruflich t\u00e4tig auf Mallorca seit Anfang 2019. \u00a0<\/span><\/p>\n<p><\/p>\n<p>&nbsp;<\/p>\n<p>[\/et_pb_text][et_pb_text _builder_version=&#8221;4.27.4&#8243; _module_preset=&#8221;default&#8221; text_font_size=&#8221;16px&#8221; header_2_font=&#8221;Merriweather|300|||||||&#8221; header_2_font_size=&#8221;54px&#8221; header_2_line_height=&#8221;1.4em&#8221; header_3_font=&#8221;|700||on|||||&#8221; header_3_font_size=&#8221;14px&#8221; header_3_letter_spacing=&#8221;4px&#8221; header_3_line_height=&#8221;1.4em&#8221; header_2_font_size_tablet=&#8221;44px&#8221; header_2_font_size_phone=&#8221;28px&#8221; header_2_font_size_last_edited=&#8221;on|phone&#8221; locked=&#8221;off&#8221; global_colors_info=&#8221;{}&#8221;]<\/p>\n<h1><strong style=\"color: #b4926b;\">Vision<\/strong><\/h1>\n<p><\/p>\n<p class=\"p1\" style=\"text-align: justify;\"><span style=\"color: #000000;\">Neudefinierung von privatem Wellness-Wohnen, durch ma\u00dfgeschneiderte Heimfitness- und Regenerations-L\u00f6sungen auf h\u00f6chstem Niveau, welche zu einem ges\u00fcnderen, gl\u00fccklicheren und ausgeglicheneren Lebensstil in ihrem eigenen Zuhause auf der Insel inspirieren. <\/span><\/p>\n<p>[\/et_pb_text][et_pb_text _builder_version=&#8221;4.27.4&#8243; _module_preset=&#8221;default&#8221; text_font_size=&#8221;16px&#8221; header_2_font=&#8221;Merriweather|300|||||||&#8221; header_2_font_size=&#8221;54px&#8221; header_2_line_height=&#8221;1.4em&#8221; header_3_font=&#8221;|700||on|||||&#8221; header_3_font_size=&#8221;14px&#8221; header_3_letter_spacing=&#8221;4px&#8221; header_3_line_height=&#8221;1.4em&#8221; header_2_font_size_tablet=&#8221;44px&#8221; header_2_font_size_phone=&#8221;28px&#8221; header_2_font_size_last_edited=&#8221;on|phone&#8221; locked=&#8221;off&#8221; global_colors_info=&#8221;{}&#8221;]<\/p>\n<h1><strong style=\"color: #b4926b;\">Mission<\/strong><\/h1>\n<p><\/p>\n<p class=\"p1\" style=\"text-align: justify;\"><span style=\"color: #000000;\">Ensuring available free spaces in your property are used perfectly for fitness and wellness spaces, designed matching our clients lifestyle and gaining added value to their properties Sicherstellen, dass freie Fl\u00e4chen in Ihrer Immobilie optimal f\u00fcr Fitness- und Wellnessbereiche genutzt werden &#8211; individuell gestaltet, abgestimmt auf Ihren Lebensstil und mit nachhaltigem Mehrwert f\u00fcr Ihre Immobilie.<\/span><\/p>\n<p>[\/et_pb_text][\/et_pb_column][\/et_pb_row][\/et_pb_section][et_pb_section fb_built=&#8221;1&#8243; admin_label=&#8221;Our Approch&#8221; _builder_version=&#8221;4.27.5&#8243; background_color=&#8221;#FFFFFF&#8221; background_enable_image=&#8221;off&#8221; min_height=&#8221;456.9px&#8221; custom_padding=&#8221;0px||||false|false&#8221; locked=&#8221;off&#8221; global_colors_info=&#8221;{}&#8221;][et_pb_row _builder_version=&#8221;4.24.2&#8243; _module_preset=&#8221;default&#8221; custom_padding=&#8221;|||8px||&#8221; global_colors_info=&#8221;{}&#8221;][et_pb_column type=&#8221;4_4&#8243; _builder_version=&#8221;4.24.2&#8243; _module_preset=&#8221;default&#8221; global_colors_info=&#8221;{}&#8221;][et_pb_text _builder_version=&#8221;4.27.5&#8243; _module_preset=&#8221;e14f5e42-9edd-4b51-8cdb-a2b0d6041ce6&#8243; text_text_color=&#8221;#000000&#8243; text_font_size=&#8221;16px&#8221; header_3_font=&#8221;Inter||||||||&#8221; header_3_text_color=&#8221;#000000&#8243; background_color=&#8221;#FFFFFF&#8221; text_orientation=&#8221;center&#8221; custom_margin=&#8221;20px|||0px|false|false&#8221; custom_padding=&#8221;10px|10px|10px|10px|true|true&#8221; border_radii=&#8221;on|30px|30px|30px|30px&#8221; global_colors_info=&#8221;{}&#8221;]<\/p>\n<h1 style=\"text-align: left;\"><strong style=\"color: #b4926b;\">Mein Weg zu privaten Fitnessstudios auf Mallorca\u00a0<\/strong><\/h1>\n<p><\/p>\n<p class=\"p1\" style=\"text-align: justify;\">VIVIDO Solutions wurde mit der Vision gegr\u00fcndet, Heimfitness-Erlebnisse auf Mallorca neu zu definieren und ma\u00dfgeschneiderte, hochwertige Fitnessstudio-L\u00f6sungen f\u00fcr Zuhause anzubieten. Durch die Kombination aus meiner langj\u00e4hrigeren Erfahrung im Projektmanagement und in der Immobilienentwicklung auf der Insel, sowie meinem Studium im Bereich Sportmanagement verf\u00fcge ich \u00fcber ein tiefes Verst\u00e4ndnis f\u00fcr Raumplanung, Design und den Fitnessmarkt. Erg\u00e4nzt durch wertvolle Kontakte innerhalb der Branche entstand eine einzigartige Expertise, die VIVIDO Solutions zum idealen Partner f\u00fcr individuell geplante Heimfitness-Konzepte macht.<\/p>\n<p><\/p>\n<p class=\"p1\" style=\"text-align: justify;\">Die T\u00e4tigkeit im Immobiliensektor hat mir gezeigt, wie entscheidend pr\u00e4zise Planung und qualitativ hochwertiges Equipment f\u00fcr nachhaltigen Mehrwert sind. Ein Home-Gym ist mehr als nur ein Raum mit Trainingsger\u00e4ten \u2013 es ist ein strategisches Element der Immobilie, welches funktional \u00fcberzeugen und sich zugleich harmonisch in das Gesamtkonzept einf\u00fcgen muss. Ziel ist es, inspirierende Fitnessr\u00e4ume zu schaffen, die Motivation, Gesundheit und langfristige Wertsteigerung f\u00f6rdern.<\/p>\n<p><\/p>\n<p class=\"p1\" style=\"text-align: justify;\">Angesichts der stetig wachsenden Nachfrage nach exklusiven Heimfitness-Installationen bietet VIVIDO Solutions ganzheitliche Fitnessl\u00f6sungen \u2013 von der Beratung und Planung \u00fcber die Auswahl geeigneter Hersteller bis hin zu Lieferung und Umsetzung an. Ob f\u00fcr private Kunden, Bautr\u00e4ger oder professionelle Projektentwickler: Jedes Projekt wird mit h\u00f6chstem Anspruch an Qualit\u00e4t, Funktionalit\u00e4t und Design realisiert.<\/p>\n<p>[\/et_pb_text][et_pb_button button_text=&#8221;Bereit f\u00fcr die Transformation Ihres Raumes?&#8221; button_alignment=&#8221;center&#8221; _builder_version=&#8221;4.27.4&#8243; _module_preset=&#8221;d306e2ce-f43d-4207-84a5-137043150fac&#8221; button_text_size=&#8221;16px&#8221; button_bg_color=&#8221;#CAB6A1&#8243; button_border_width=&#8221;3px&#8221; button_border_color=&#8221;RGBA(255,255,255,0)&#8221; custom_margin=&#8221;50px||||false|false&#8221; locked=&#8221;off&#8221; global_colors_info=&#8221;{}&#8221;][\/et_pb_button][\/et_pb_column][\/et_pb_row][\/et_pb_section]<\/p>\n","protected":false},"excerpt":{"rendered":"<p>\u00dcber michNeugestaltung von R\u00e4umen &#8211; Aufwertung von Lebensqualit\u00e4t\u00a0Hallo!Mein Name ist Matthias, Gr\u00fcnder von VIVIDO SOLUTIONS, wohnhaft und beruflich t\u00e4tig auf Mallorca seit Anfang 2019. \u00a0&nbsp;VisionNeudefinierung von privatem Wellness-Wohnen, durch ma\u00dfgeschneiderte Heimfitness- und Regenerations-L\u00f6sungen auf h\u00f6chstem Niveau, welche zu einem ges\u00fcnderen, gl\u00fccklicheren und ausgeglicheneren Lebensstil in ihrem eigenen Zuhause auf der Insel inspirieren. MissionEnsuring available free [&hellip;]<\/p>\n","protected":false},"author":1,"featured_media":0,"parent":0,"menu_order":0,"comment_status":"closed","ping_status":"closed","template":"","meta":{"_et_pb_use_builder":"on","_et_pb_old_content":"","_et_gb_content_width":"","footnotes":""},"class_list":["post-925","page","type-page","status-publish","hentry"],"_links":{"self":[{"href":"https:\/\/vivido-solutions.com\/de\/wp-json\/wp\/v2\/pages\/925","targetHints":{"allow":["GET"]}}],"collection":[{"href":"https:\/\/vivido-solutions.com\/de\/wp-json\/wp\/v2\/pages"}],"about":[{"href":"https:\/\/vivido-solutions.com\/de\/wp-json\/wp\/v2\/types\/page"}],"author":[{"embeddable":true,"href":"https:\/\/vivido-solutions.com\/de\/wp-json\/wp\/v2\/users\/1"}],"replies":[{"embeddable":true,"href":"https:\/\/vivido-solutions.com\/de\/wp-json\/wp\/v2\/comments?post=925"}],"version-history":[{"count":10,"href":"https:\/\/vivido-solutions.com\/de\/wp-json\/wp\/v2\/pages\/925\/revisions"}],"predecessor-version":[{"id":1069,"href":"https:\/\/vivido-solutions.com\/de\/wp-json\/wp\/v2\/pages\/925\/revisions\/1069"}],"wp:attachment":[{"href":"https:\/\/vivido-solutions.com\/de\/wp-json\/wp\/v2\/media?parent=925"}],"curies":[{"name":"wp","href":"https:\/\/api.w.org\/{rel}","templated":true}]}}